{"id":51,"date":"2018-02-06T10:29:52","date_gmt":"2018-02-06T10:29:52","guid":{"rendered":"http:\/\/agroaero.hu\/?page_id=51"},"modified":"2021-06-16T10:02:14","modified_gmt":"2021-06-16T10:02:14","slug":"kapcsolat","status":"publish","type":"page","link":"http:\/\/agroaero.hu\/?page_id=51","title":{"rendered":"Kapcsolat"},"content":{"rendered":"<p>&nbsp;<\/p>\n<p><strong>C\u00e9ginform\u00e1ci\u00f3k<\/strong><br \/>\nTelephely \u00a0 \u00a0 \u00a0 \u00a0 \u00a0 \u00a0 \u00a0 \u00a0 \u00a0 \u00a0 \u00a0 \u00a0 \u00a0 \u00a0 \u00a0 \u00a0 \u00a06728 Szeged, Bajai \u00fat, Rep\u00fcl\u0151t\u00e9r<br \/>\nLevelez\u00e9si c\u00edm \u00a0 \u00a0 \u00a0 \u00a0 \u00a0 \u00a0 \u00a0 \u00a0 \u00a0 \u00a0 \u00a0 6726 Szeged, Anna utca 24.<br \/>\nTelefon \u00a0 \u00a0 \u00a0 \u00a0 \u00a0 \u00a0 \u00a0 \u00a0 \u00a0 \u00a0 \u00a0 \u00a0 \u00a0 \u00a0 \u00a0 \u00a0 \u00a0 \u00a0 \u00a0+36 (70) 523 7075<br \/>\nC\u00e9gjegyz\u00e9ksz\u00e1m \u00a0 \u00a0 \u00a0 \u00a0 \u00a0 \u00a0 \u00a0 \u00a0 06-09-003347<br \/>\nAd\u00f3sz\u00e1m \u00a0 \u00a0 \u00a0 \u00a0 \u00a0 \u00a0 \u00a0 \u00a0 \u00a0 \u00a0 \u00a0 \u00a0 \u00a0 \u00a0 \u00a0 \u00a0 \u00a0<span style=\"font-size: 1rem;\">11095282<\/span>-2-06<br \/>\nStatisztikai sz\u00e1mjel \u00a0 \u00a0 \u00a0 \u00a0 \u00a0 \u00a0\u00a0<span style=\"font-size: 1rem;\">11095282-0161-113-06<br \/>\n<\/span>Banksz\u00e1mlasz\u00e1m \u00a0 \u00a0 \u00a0 \u00a0 \u00a0 \u00a0 \u00a0 \u00a0\u00a0<span style=\"font-size: 1rem;\">11606002-05621400-06000006<br \/>\n<\/span>\u00a0 \u00a0 \u00a0 \u00a0 \u00a0 \u00a0 \u00a0 \u00a0 \u00a0 \u00a0 \u00a0 \u00a0 \u00a0 \u00a0 \u00a0 \u00a0 \u00a0 \u00a0 \u00a0 \u00a0 \u00a0 \u00a0 \u00a0 \u00a0 \u00a0 \u00a0 \u00a0 Erste Bank Hungary<br \/>\nWebsite \u00a0 \u00a0 \u00a0 \u00a0 \u00a0 \u00a0 \u00a0 \u00a0 \u00a0 \u00a0 \u00a0 \u00a0 \u00a0 \u00a0 \u00a0 \u00a0 \u00a0 \u00a0<a href=\"http:\/\/www.agroaero.hu\">www.agroaero.hu<\/a><br \/>\nE-mail \u00a0 \u00a0 \u00a0 \u00a0 \u00a0 \u00a0 \u00a0 \u00a0 \u00a0 \u00a0 \u00a0 \u00a0 \u00a0 \u00a0 \u00a0 \u00a0 \u00a0 \u00a0 \u00a0 \u00a0<a href=\"mailto:info@agroaero.hu\">info@agroaero.hu<\/a><\/p>\n","protected":false},"excerpt":{"rendered":"<p>&nbsp; C\u00e9ginform\u00e1ci\u00f3k Telephely \u00a0 \u00a0 \u00a0 \u00a0 \u00a0 \u00a0 \u00a0 \u00a0 \u00a0 \u00a0 \u00a0 \u00a0 \u00a0 \u00a0 \u00a0 \u00a0 \u00a06728 Szeged, Bajai \u00fat, Rep\u00fcl\u0151t\u00e9r Levelez\u00e9si c\u00edm \u00a0 \u00a0 \u00a0 \u00a0 \u00a0 \u00a0 \u00a0 \u00a0 \u00a0 \u00a0 \u00a0 6726 Szeged, Anna utca 24. Telefon \u00a0 \u00a0 \u00a0 \u00a0 \u00a0 \u00a0 \u00a0 \u00a0 \u00a0 \u00a0 \u00a0 \u00a0 &hellip; <\/p>\n<p class=\"link-more\"><a href=\"http:\/\/agroaero.hu\/?page_id=51\" class=\"more-link\"><span class=\"screen-reader-text\">&#8220;Kapcsolat&#8221;<\/span> b\u0151vebben<\/a><\/p>\n","protected":false},"author":1,"featured_media":0,"parent":0,"menu_order":0,"comment_status":"closed","ping_status":"closed","template":"","meta":[],"_links":{"self":[{"href":"http:\/\/agroaero.hu\/index.php?rest_route=\/wp\/v2\/pages\/51"}],"collection":[{"href":"http:\/\/agroaero.hu\/index.php?rest_route=\/wp\/v2\/pages"}],"about":[{"href":"http:\/\/agroaero.hu\/index.php?rest_route=\/wp\/v2\/types\/page"}],"author":[{"embeddable":true,"href":"http:\/\/agroaero.hu\/index.php?rest_route=\/wp\/v2\/users\/1"}],"replies":[{"embeddable":true,"href":"http:\/\/agroaero.hu\/index.php?rest_route=%2Fwp%2Fv2%2Fcomments&post=51"}],"version-history":[{"count":10,"href":"http:\/\/agroaero.hu\/index.php?rest_route=\/wp\/v2\/pages\/51\/revisions"}],"predecessor-version":[{"id":1137,"href":"http:\/\/agroaero.hu\/index.php?rest_route=\/wp\/v2\/pages\/51\/revisions\/1137"}],"wp:attachment":[{"href":"http:\/\/agroaero.hu\/index.php?rest_route=%2Fwp%2Fv2%2Fmedia&parent=51"}],"curies":[{"name":"wp","href":"https:\/\/api.w.org\/{rel}","templated":true}]}}