{"id":43,"date":"2018-02-06T10:26:10","date_gmt":"2018-02-06T10:26:10","guid":{"rendered":"http:\/\/agroaero.hu\/?page_id=43"},"modified":"2021-06-16T09:48:22","modified_gmt":"2021-06-16T09:48:22","slug":"rolunk","status":"publish","type":"page","link":"http:\/\/agroaero.hu\/","title":{"rendered":"Kezd\u0151lap"},"content":{"rendered":"<p>Meg\u00fajult weboldalunk \u00faj el\u00e9rhet\u0151s\u00e9ge:<span style=\"color: #0000ff;\"><a style=\"color: #0000ff;\" href=\"http:\/\/www.rivairpilot.com\"> www.rivairpilot.com<\/a><\/span><\/p>\n","protected":false},"excerpt":{"rendered":"<p>Meg\u00fajult weboldalunk \u00faj el\u00e9rhet\u0151s\u00e9ge: www.rivairpilot.com<\/p>\n","protected":false},"author":1,"featured_media":0,"parent":0,"menu_order":0,"comment_status":"closed","ping_status":"closed","template":"","meta":[],"_links":{"self":[{"href":"http:\/\/agroaero.hu\/index.php?rest_route=\/wp\/v2\/pages\/43"}],"collection":[{"href":"http:\/\/agroaero.hu\/index.php?rest_route=\/wp\/v2\/pages"}],"about":[{"href":"http:\/\/agroaero.hu\/index.php?rest_route=\/wp\/v2\/types\/page"}],"author":[{"embeddable":true,"href":"http:\/\/agroaero.hu\/index.php?rest_route=\/wp\/v2\/users\/1"}],"replies":[{"embeddable":true,"href":"http:\/\/agroaero.hu\/index.php?rest_route=%2Fwp%2Fv2%2Fcomments&post=43"}],"version-history":[{"count":48,"href":"http:\/\/agroaero.hu\/index.php?rest_route=\/wp\/v2\/pages\/43\/revisions"}],"predecessor-version":[{"id":1133,"href":"http:\/\/agroaero.hu\/index.php?rest_route=\/wp\/v2\/pages\/43\/revisions\/1133"}],"wp:attachment":[{"href":"http:\/\/agroaero.hu\/index.php?rest_route=%2Fwp%2Fv2%2Fmedia&parent=43"}],"curies":[{"name":"wp","href":"https:\/\/api.w.org\/{rel}","templated":true}]}}